{"id":71,"date":"2017-04-04T13:00:41","date_gmt":"2017-04-04T11:00:41","guid":{"rendered":"http:\/\/blindenhundelatau.at\/wp\/?page_id=71"},"modified":"2022-08-26T09:53:30","modified_gmt":"2022-08-26T07:53:30","slug":"kontakt","status":"publish","type":"page","link":"https:\/\/blindenhundelatau.at\/wp\/kontakt\/","title":{"rendered":"Kontakt"},"content":{"rendered":"<p>Haben Sie Fragen zum Thema Blindenhunde, zu meiner Arbeit, zu meiner Website?<br \/>\nSchicken Sie mir ein\u00a0Mail an\u00a0<a href=\"mailto:blindenhundelatau@gmail.com\" target=\"_blank\" rel=\"noopener noreferrer\">blindenhundelatau@gmail.<wbr \/>com<\/a>\u00a0oder rufen Sie mich an (0660 2295977).<\/p>\n<p><iframe loading=\"lazy\" style=\"border: 1px solid #b0da60; margin-bottom: 0px;\" src=\"https:\/\/www.openstreetmap.org\/export\/embed.html?bbox=14.65232849121094%2C48.10238746374147%2C14.972991943359377%2C48.43011178780495&amp;layer=mapnik&amp;marker=48.26651230785036%2C14.812660217285156\" width=\"90%\" height=\"400\" frameborder=\"0\" marginwidth=\"0\" marginheight=\"0\" scrolling=\"no\"><\/iframe><small><a target=\"_blank\" href=\"https:\/\/www.openstreetmap.org\/?mlat=48.2666&amp;mlon=14.8125#map=12\/48.2666\/14.8125\">Gr\u00f6\u00dfere Karte anzeigen<\/a><\/small><\/p>\n<p><strong>Impressum<\/strong><br \/>\nF\u00fcr den Inhalt verantwortlich:<br \/>\nLATAU Blindenf\u00fchrhundschule<br \/>\nElaine Lasser<br \/>\nBad Kreuzen 30<br \/>\n4362 Bad Kreuzen<\/p>\n","protected":false},"excerpt":{"rendered":"<p>Haben Sie Fragen zum Thema Blindenhunde, zu meiner Arbeit, zu meiner Website? Schicken Sie mir ein\u00a0Mail an\u00a0blindenhundelatau@gmail.com\u00a0oder rufen Sie mich an (0660 2295977). Gr\u00f6\u00dfere Karte anzeigen Impressum F\u00fcr den Inhalt verantwortlich: LATAU Blindenf\u00fchrhundschule Elaine Lasser Bad Kreuzen 30 4362 Bad Kreuzen<\/p>\n","protected":false},"author":1,"featured_media":162,"parent":0,"menu_order":0,"comment_status":"closed","ping_status":"closed","template":"templates\/full-width-page.php","meta":{"footnotes":""},"class_list":["post-71","page","type-page","status-publish","has-post-thumbnail","hentry","with-featured-image"],"_links":{"self":[{"href":"https:\/\/blindenhundelatau.at\/wp\/wp-json\/wp\/v2\/pages\/71","targetHints":{"allow":["GET"]}}],"collection":[{"href":"https:\/\/blindenhundelatau.at\/wp\/wp-json\/wp\/v2\/pages"}],"about":[{"href":"https:\/\/blindenhundelatau.at\/wp\/wp-json\/wp\/v2\/types\/page"}],"author":[{"embeddable":true,"href":"https:\/\/blindenhundelatau.at\/wp\/wp-json\/wp\/v2\/users\/1"}],"replies":[{"embeddable":true,"href":"https:\/\/blindenhundelatau.at\/wp\/wp-json\/wp\/v2\/comments?post=71"}],"version-history":[{"count":12,"href":"https:\/\/blindenhundelatau.at\/wp\/wp-json\/wp\/v2\/pages\/71\/revisions"}],"predecessor-version":[{"id":73,"href":"https:\/\/blindenhundelatau.at\/wp\/wp-json\/wp\/v2\/pages\/71\/revisions\/73"}],"wp:featuredmedia":[{"embeddable":true,"href":"https:\/\/blindenhundelatau.at\/wp\/wp-json\/wp\/v2\/media\/162"}],"wp:attachment":[{"href":"https:\/\/blindenhundelatau.at\/wp\/wp-json\/wp\/v2\/media?parent=71"}],"curies":[{"name":"wp","href":"https:\/\/api.w.org\/{rel}","templated":true}]}}